 

{"id":17710,"date":"2024-04-17T09:08:35","date_gmt":"2024-04-17T09:08:35","guid":{"rendered":"https:\/\/majesty.talabati.ps\/product\/uzerine-kadin-tulum-ve-blazer\/"},"modified":"2024-06-01T12:25:35","modified_gmt":"2024-06-01T12:25:35","slug":"uzerine-kadin-tulum-ve-blazer","status":"publish","type":"product","link":"https:\/\/majesty-queen.com\/tr\/product\/uzerine-kadin-tulum-ve-blazer\/","title":{"rendered":"\u00dczerine kad\u0131n tulum ve blazer"},"content":{"rendered":"<p>\u00dczerine kad\u0131n tulum ve blazer<\/p>\n","protected":false},"excerpt":{"rendered":"<p>\u00dczerine kad\u0131n tulum ve blazer<\/p>\n","protected":false},"featured_media":17684,"comment_status":"open","ping_status":"closed","template":"","meta":[],"product_cat":[129,125],"product_tag":[],"_links":{"self":[{"href":"https:\/\/majesty-queen.com\/tr\/wp-json\/wp\/v2\/product\/17710"}],"collection":[{"href":"https:\/\/majesty-queen.com\/tr\/wp-json\/wp\/v2\/product"}],"about":[{"href":"https:\/\/majesty-queen.com\/tr\/wp-json\/wp\/v2\/types\/product"}],"replies":[{"embeddable":true,"href":"https:\/\/majesty-queen.com\/tr\/wp-json\/wp\/v2\/comments?post=17710"}],"version-history":[{"count":0,"href":"https:\/\/majesty-queen.com\/tr\/wp-json\/wp\/v2\/product\/17710\/revisions"}],"wp:featuredmedia":[{"embeddable":true,"href":"https:\/\/majesty-queen.com\/tr\/wp-json\/wp\/v2\/media\/17684"}],"wp:attachment":[{"href":"https:\/\/majesty-queen.com\/tr\/wp-json\/wp\/v2\/media?parent=17710"}],"wp:term":[{"taxonomy":"product_cat","embeddable":true,"href":"https:\/\/majesty-queen.com\/tr\/wp-json\/wp\/v2\/product_cat?post=17710"},{"taxonomy":"product_tag","embeddable":true,"href":"https:\/\/majesty-queen.com\/tr\/wp-json\/wp\/v2\/product_tag?post=17710"}],"curies":[{"name":"wp","href":"https:\/\/api.w.org\/{rel}","templated":true}]}}