 

{"id":17640,"date":"2024-04-16T12:05:11","date_gmt":"2024-04-16T12:05:11","guid":{"rendered":"https:\/\/majesty.talabati.ps\/product\/kadinlara-ozel-iki-parcali-gunluk-takim\/"},"modified":"2024-05-22T14:20:50","modified_gmt":"2024-05-22T14:20:50","slug":"kadinlara-ozel-iki-parcali-gunluk-takim","status":"publish","type":"product","link":"https:\/\/majesty-queen.com\/tr\/product\/kadinlara-ozel-iki-parcali-gunluk-takim\/","title":{"rendered":"Kad\u0131nlara \u00f6zel iki par\u00e7al\u0131 g\u00fcnl\u00fck tak\u0131m"},"content":{"rendered":"<p>Kad\u0131nlara \u00f6zel iki par\u00e7al\u0131 g\u00fcnl\u00fck tak\u0131m<\/p>\n","protected":false},"excerpt":{"rendered":"<p>Kad\u0131nlara \u00f6zel iki par\u00e7al\u0131 g\u00fcnl\u00fck tak\u0131m<\/p>\n","protected":false},"featured_media":17384,"comment_status":"open","ping_status":"closed","template":"","meta":[],"product_cat":[125],"product_tag":[],"_links":{"self":[{"href":"https:\/\/majesty-queen.com\/tr\/wp-json\/wp\/v2\/product\/17640"}],"collection":[{"href":"https:\/\/majesty-queen.com\/tr\/wp-json\/wp\/v2\/product"}],"about":[{"href":"https:\/\/majesty-queen.com\/tr\/wp-json\/wp\/v2\/types\/product"}],"replies":[{"embeddable":true,"href":"https:\/\/majesty-queen.com\/tr\/wp-json\/wp\/v2\/comments?post=17640"}],"version-history":[{"count":0,"href":"https:\/\/majesty-queen.com\/tr\/wp-json\/wp\/v2\/product\/17640\/revisions"}],"wp:featuredmedia":[{"embeddable":true,"href":"https:\/\/majesty-queen.com\/tr\/wp-json\/wp\/v2\/media\/17384"}],"wp:attachment":[{"href":"https:\/\/majesty-queen.com\/tr\/wp-json\/wp\/v2\/media?parent=17640"}],"wp:term":[{"taxonomy":"product_cat","embeddable":true,"href":"https:\/\/majesty-queen.com\/tr\/wp-json\/wp\/v2\/product_cat?post=17640"},{"taxonomy":"product_tag","embeddable":true,"href":"https:\/\/majesty-queen.com\/tr\/wp-json\/wp\/v2\/product_tag?post=17640"}],"curies":[{"name":"wp","href":"https:\/\/api.w.org\/{rel}","templated":true}]}}