 

{"id":17602,"date":"2024-04-16T13:33:40","date_gmt":"2024-04-16T13:33:40","guid":{"rendered":"https:\/\/majesty.talabati.ps\/product\/kadin-iki-parcali-takim-elbise\/"},"modified":"2024-04-16T13:33:40","modified_gmt":"2024-04-16T13:33:40","slug":"kadin-iki-parcali-takim-elbise","status":"publish","type":"product","link":"https:\/\/majesty-queen.com\/tr\/product\/kadin-iki-parcali-takim-elbise\/","title":{"rendered":"Kad\u0131n iki par\u00e7al\u0131 tak\u0131m elbise"},"content":{"rendered":"<p>Kad\u0131n iki par\u00e7al\u0131 tak\u0131m elbise, etek ve uzun kollu g\u00f6mlek ve iki g\u00f6\u011f\u00fcs cepli<\/p>\n","protected":false},"excerpt":{"rendered":"<p>Kad\u0131n iki par\u00e7al\u0131 tak\u0131m elbise, etek ve uzun kollu g\u00f6mlek ve iki g\u00f6\u011f\u00fcs cepli<\/p>\n","protected":false},"featured_media":17417,"comment_status":"open","ping_status":"closed","template":"","meta":[],"product_cat":[84],"product_tag":[],"_links":{"self":[{"href":"https:\/\/majesty-queen.com\/tr\/wp-json\/wp\/v2\/product\/17602"}],"collection":[{"href":"https:\/\/majesty-queen.com\/tr\/wp-json\/wp\/v2\/product"}],"about":[{"href":"https:\/\/majesty-queen.com\/tr\/wp-json\/wp\/v2\/types\/product"}],"replies":[{"embeddable":true,"href":"https:\/\/majesty-queen.com\/tr\/wp-json\/wp\/v2\/comments?post=17602"}],"version-history":[{"count":0,"href":"https:\/\/majesty-queen.com\/tr\/wp-json\/wp\/v2\/product\/17602\/revisions"}],"wp:featuredmedia":[{"embeddable":true,"href":"https:\/\/majesty-queen.com\/tr\/wp-json\/wp\/v2\/media\/17417"}],"wp:attachment":[{"href":"https:\/\/majesty-queen.com\/tr\/wp-json\/wp\/v2\/media?parent=17602"}],"wp:term":[{"taxonomy":"product_cat","embeddable":true,"href":"https:\/\/majesty-queen.com\/tr\/wp-json\/wp\/v2\/product_cat?post=17602"},{"taxonomy":"product_tag","embeddable":true,"href":"https:\/\/majesty-queen.com\/tr\/wp-json\/wp\/v2\/product_tag?post=17602"}],"curies":[{"name":"wp","href":"https:\/\/api.w.org\/{rel}","templated":true}]}}