 

{"id":17564,"date":"2024-04-17T08:34:59","date_gmt":"2024-04-17T08:34:59","guid":{"rendered":"https:\/\/majesty.talabati.ps\/product\/kadin-takim-rengarenk-gomlek-ve-pantolon\/"},"modified":"2024-04-17T08:34:59","modified_gmt":"2024-04-17T08:34:59","slug":"kadin-takim-rengarenk-gomlek-ve-pantolon","status":"publish","type":"product","link":"https:\/\/majesty-queen.com\/tr\/product\/kadin-takim-rengarenk-gomlek-ve-pantolon\/","title":{"rendered":"Kad\u0131n tak\u0131m, rengarenk g\u00f6mlek ve pantolon"},"content":{"rendered":"<p>Kad\u0131n tak\u0131m, rengarenk g\u00f6mlek ve pantolon<\/p>\n","protected":false},"excerpt":{"rendered":"<p>Kad\u0131n tak\u0131m, rengarenk g\u00f6mlek ve pantolon<\/p>\n","protected":false},"featured_media":17529,"comment_status":"open","ping_status":"closed","template":"","meta":[],"product_cat":[130,125],"product_tag":[],"_links":{"self":[{"href":"https:\/\/majesty-queen.com\/tr\/wp-json\/wp\/v2\/product\/17564"}],"collection":[{"href":"https:\/\/majesty-queen.com\/tr\/wp-json\/wp\/v2\/product"}],"about":[{"href":"https:\/\/majesty-queen.com\/tr\/wp-json\/wp\/v2\/types\/product"}],"replies":[{"embeddable":true,"href":"https:\/\/majesty-queen.com\/tr\/wp-json\/wp\/v2\/comments?post=17564"}],"version-history":[{"count":0,"href":"https:\/\/majesty-queen.com\/tr\/wp-json\/wp\/v2\/product\/17564\/revisions"}],"wp:featuredmedia":[{"embeddable":true,"href":"https:\/\/majesty-queen.com\/tr\/wp-json\/wp\/v2\/media\/17529"}],"wp:attachment":[{"href":"https:\/\/majesty-queen.com\/tr\/wp-json\/wp\/v2\/media?parent=17564"}],"wp:term":[{"taxonomy":"product_cat","embeddable":true,"href":"https:\/\/majesty-queen.com\/tr\/wp-json\/wp\/v2\/product_cat?post=17564"},{"taxonomy":"product_tag","embeddable":true,"href":"https:\/\/majesty-queen.com\/tr\/wp-json\/wp\/v2\/product_tag?post=17564"}],"curies":[{"name":"wp","href":"https:\/\/api.w.org\/{rel}","templated":true}]}}