 

{"id":17485,"date":"2024-04-17T08:06:03","date_gmt":"2024-04-17T08:06:03","guid":{"rendered":"https:\/\/majesty.talabati.ps\/product\/kadin-takim-yelek-ve-pantolonlu-gomlek\/"},"modified":"2024-04-17T08:06:03","modified_gmt":"2024-04-17T08:06:03","slug":"kadin-takim-yelek-ve-pantolonlu-gomlek","status":"publish","type":"product","link":"https:\/\/majesty-queen.com\/tr\/product\/kadin-takim-yelek-ve-pantolonlu-gomlek\/","title":{"rendered":"Kad\u0131n tak\u0131m, yelek ve pantolonlu g\u00f6mlek"},"content":{"rendered":"<p>Kad\u0131n tak\u0131m, yelek ve pantolonlu g\u00f6mlek<\/p>\n","protected":false},"excerpt":{"rendered":"<p>Kad\u0131n tak\u0131m, yelek ve pantolonlu g\u00f6mlek<\/p>\n","protected":false},"featured_media":17456,"comment_status":"open","ping_status":"closed","template":"","meta":[],"product_cat":[125],"product_tag":[],"_links":{"self":[{"href":"https:\/\/majesty-queen.com\/tr\/wp-json\/wp\/v2\/product\/17485"}],"collection":[{"href":"https:\/\/majesty-queen.com\/tr\/wp-json\/wp\/v2\/product"}],"about":[{"href":"https:\/\/majesty-queen.com\/tr\/wp-json\/wp\/v2\/types\/product"}],"replies":[{"embeddable":true,"href":"https:\/\/majesty-queen.com\/tr\/wp-json\/wp\/v2\/comments?post=17485"}],"version-history":[{"count":0,"href":"https:\/\/majesty-queen.com\/tr\/wp-json\/wp\/v2\/product\/17485\/revisions"}],"wp:featuredmedia":[{"embeddable":true,"href":"https:\/\/majesty-queen.com\/tr\/wp-json\/wp\/v2\/media\/17456"}],"wp:attachment":[{"href":"https:\/\/majesty-queen.com\/tr\/wp-json\/wp\/v2\/media?parent=17485"}],"wp:term":[{"taxonomy":"product_cat","embeddable":true,"href":"https:\/\/majesty-queen.com\/tr\/wp-json\/wp\/v2\/product_cat?post=17485"},{"taxonomy":"product_tag","embeddable":true,"href":"https:\/\/majesty-queen.com\/tr\/wp-json\/wp\/v2\/product_tag?post=17485"}],"curies":[{"name":"wp","href":"https:\/\/api.w.org\/{rel}","templated":true}]}}