 

{"id":17467,"date":"2024-04-17T07:52:53","date_gmt":"2024-04-17T07:52:53","guid":{"rendered":"https:\/\/majesty.talabati.ps\/product\/resmi-kadin-takim-elbise-uzun-ceket-ve-duz-pantolon\/"},"modified":"2024-04-17T07:52:53","modified_gmt":"2024-04-17T07:52:53","slug":"resmi-kadin-takim-elbise-uzun-ceket-ve-duz-pantolon","status":"publish","type":"product","link":"https:\/\/majesty-queen.com\/tr\/product\/resmi-kadin-takim-elbise-uzun-ceket-ve-duz-pantolon\/","title":{"rendered":"Resmi kad\u0131n tak\u0131m elbise, uzun ceket ve d\u00fcz pantolon"},"content":{"rendered":"<p>Resmi kad\u0131n tak\u0131m elbise, uzun ceket ve d\u00fcz pantolon<\/p>\n","protected":false},"excerpt":{"rendered":"<p>Resmi kad\u0131n tak\u0131m elbise, uzun ceket ve d\u00fcz pantolon<\/p>\n","protected":false},"featured_media":17434,"comment_status":"open","ping_status":"closed","template":"","meta":[],"product_cat":[125],"product_tag":[],"_links":{"self":[{"href":"https:\/\/majesty-queen.com\/tr\/wp-json\/wp\/v2\/product\/17467"}],"collection":[{"href":"https:\/\/majesty-queen.com\/tr\/wp-json\/wp\/v2\/product"}],"about":[{"href":"https:\/\/majesty-queen.com\/tr\/wp-json\/wp\/v2\/types\/product"}],"replies":[{"embeddable":true,"href":"https:\/\/majesty-queen.com\/tr\/wp-json\/wp\/v2\/comments?post=17467"}],"version-history":[{"count":0,"href":"https:\/\/majesty-queen.com\/tr\/wp-json\/wp\/v2\/product\/17467\/revisions"}],"wp:featuredmedia":[{"embeddable":true,"href":"https:\/\/majesty-queen.com\/tr\/wp-json\/wp\/v2\/media\/17434"}],"wp:attachment":[{"href":"https:\/\/majesty-queen.com\/tr\/wp-json\/wp\/v2\/media?parent=17467"}],"wp:term":[{"taxonomy":"product_cat","embeddable":true,"href":"https:\/\/majesty-queen.com\/tr\/wp-json\/wp\/v2\/product_cat?post=17467"},{"taxonomy":"product_tag","embeddable":true,"href":"https:\/\/majesty-queen.com\/tr\/wp-json\/wp\/v2\/product_tag?post=17467"}],"curies":[{"name":"wp","href":"https:\/\/api.w.org\/{rel}","templated":true}]}}