 

{"id":17343,"date":"2024-04-16T10:54:22","date_gmt":"2024-04-16T10:54:22","guid":{"rendered":"https:\/\/majesty.talabati.ps\/product\/bahar-gomlek\/"},"modified":"2024-04-16T10:54:22","modified_gmt":"2024-04-16T10:54:22","slug":"bahar-gomlek","status":"publish","type":"product","link":"https:\/\/majesty-queen.com\/tr\/product\/bahar-gomlek\/","title":{"rendered":"Bahar g\u00f6mlek"},"content":{"rendered":"<p>Boncuklu grafikli baharl\u0131k g\u00f6mlek<\/p>\n","protected":false},"excerpt":{"rendered":"<p>Boncuklu grafikli baharl\u0131k g\u00f6mlek<\/p>\n","protected":false},"featured_media":17332,"comment_status":"open","ping_status":"closed","template":"","meta":[],"product_cat":[130],"product_tag":[],"_links":{"self":[{"href":"https:\/\/majesty-queen.com\/tr\/wp-json\/wp\/v2\/product\/17343"}],"collection":[{"href":"https:\/\/majesty-queen.com\/tr\/wp-json\/wp\/v2\/product"}],"about":[{"href":"https:\/\/majesty-queen.com\/tr\/wp-json\/wp\/v2\/types\/product"}],"replies":[{"embeddable":true,"href":"https:\/\/majesty-queen.com\/tr\/wp-json\/wp\/v2\/comments?post=17343"}],"version-history":[{"count":0,"href":"https:\/\/majesty-queen.com\/tr\/wp-json\/wp\/v2\/product\/17343\/revisions"}],"wp:featuredmedia":[{"embeddable":true,"href":"https:\/\/majesty-queen.com\/tr\/wp-json\/wp\/v2\/media\/17332"}],"wp:attachment":[{"href":"https:\/\/majesty-queen.com\/tr\/wp-json\/wp\/v2\/media?parent=17343"}],"wp:term":[{"taxonomy":"product_cat","embeddable":true,"href":"https:\/\/majesty-queen.com\/tr\/wp-json\/wp\/v2\/product_cat?post=17343"},{"taxonomy":"product_tag","embeddable":true,"href":"https:\/\/majesty-queen.com\/tr\/wp-json\/wp\/v2\/product_tag?post=17343"}],"curies":[{"name":"wp","href":"https:\/\/api.w.org\/{rel}","templated":true}]}}