 

{"id":17308,"date":"2024-04-16T09:46:44","date_gmt":"2024-04-16T09:46:44","guid":{"rendered":"https:\/\/majesty.talabati.ps\/product\/kot-gomlek\/"},"modified":"2024-04-16T09:46:44","modified_gmt":"2024-04-16T09:46:44","slug":"kot-gomlek","status":"publish","type":"product","link":"https:\/\/majesty-queen.com\/tr\/product\/kot-gomlek\/","title":{"rendered":"Kot g\u00f6mlek"},"content":{"rendered":"<p>G\u00f6\u011f\u00fcs ve omuzlara da\u011f\u0131lm\u0131\u015f inci d\u00fc\u011fmeli ve inci detayl\u0131 denim g\u00f6mlek<\/p>\n","protected":false},"excerpt":{"rendered":"<p>G\u00f6\u011f\u00fcs ve omuzlara da\u011f\u0131lm\u0131\u015f inci d\u00fc\u011fmeli ve inci detayl\u0131 denim g\u00f6mlek<\/p>\n","protected":false},"featured_media":17293,"comment_status":"open","ping_status":"closed","template":"","meta":[],"product_cat":[129,130],"product_tag":[],"_links":{"self":[{"href":"https:\/\/majesty-queen.com\/tr\/wp-json\/wp\/v2\/product\/17308"}],"collection":[{"href":"https:\/\/majesty-queen.com\/tr\/wp-json\/wp\/v2\/product"}],"about":[{"href":"https:\/\/majesty-queen.com\/tr\/wp-json\/wp\/v2\/types\/product"}],"replies":[{"embeddable":true,"href":"https:\/\/majesty-queen.com\/tr\/wp-json\/wp\/v2\/comments?post=17308"}],"version-history":[{"count":0,"href":"https:\/\/majesty-queen.com\/tr\/wp-json\/wp\/v2\/product\/17308\/revisions"}],"wp:featuredmedia":[{"embeddable":true,"href":"https:\/\/majesty-queen.com\/tr\/wp-json\/wp\/v2\/media\/17293"}],"wp:attachment":[{"href":"https:\/\/majesty-queen.com\/tr\/wp-json\/wp\/v2\/media?parent=17308"}],"wp:term":[{"taxonomy":"product_cat","embeddable":true,"href":"https:\/\/majesty-queen.com\/tr\/wp-json\/wp\/v2\/product_cat?post=17308"},{"taxonomy":"product_tag","embeddable":true,"href":"https:\/\/majesty-queen.com\/tr\/wp-json\/wp\/v2\/product_tag?post=17308"}],"curies":[{"name":"wp","href":"https:\/\/api.w.org\/{rel}","templated":true}]}}