 

{"id":17250,"date":"2024-04-16T09:28:02","date_gmt":"2024-04-16T09:28:02","guid":{"rendered":"https:\/\/majesty.talabati.ps\/product\/bitki-ve-ciceklerle-suslenmis-kumastan-elbise\/"},"modified":"2024-04-16T09:28:02","modified_gmt":"2024-04-16T09:28:02","slug":"bitki-ve-ciceklerle-suslenmis-kumastan-elbise","status":"publish","type":"product","link":"https:\/\/majesty-queen.com\/tr\/product\/bitki-ve-ciceklerle-suslenmis-kumastan-elbise\/","title":{"rendered":"Bitki ve \u00e7i\u00e7eklerle s\u00fcslenmi\u015f kuma\u015ftan elbise"},"content":{"rendered":"<p>Bitki ve \u00e7i\u00e7eklerle s\u00fcslenmi\u015f kuma\u015ftan elbise<\/p>\n","protected":false},"excerpt":{"rendered":"<p>Bitki ve \u00e7i\u00e7eklerle s\u00fcslenmi\u015f kuma\u015ftan elbise<\/p>\n","protected":false},"featured_media":16618,"comment_status":"open","ping_status":"closed","template":"","meta":[],"product_cat":[123],"product_tag":[],"_links":{"self":[{"href":"https:\/\/majesty-queen.com\/tr\/wp-json\/wp\/v2\/product\/17250"}],"collection":[{"href":"https:\/\/majesty-queen.com\/tr\/wp-json\/wp\/v2\/product"}],"about":[{"href":"https:\/\/majesty-queen.com\/tr\/wp-json\/wp\/v2\/types\/product"}],"replies":[{"embeddable":true,"href":"https:\/\/majesty-queen.com\/tr\/wp-json\/wp\/v2\/comments?post=17250"}],"version-history":[{"count":0,"href":"https:\/\/majesty-queen.com\/tr\/wp-json\/wp\/v2\/product\/17250\/revisions"}],"wp:featuredmedia":[{"embeddable":true,"href":"https:\/\/majesty-queen.com\/tr\/wp-json\/wp\/v2\/media\/16618"}],"wp:attachment":[{"href":"https:\/\/majesty-queen.com\/tr\/wp-json\/wp\/v2\/media?parent=17250"}],"wp:term":[{"taxonomy":"product_cat","embeddable":true,"href":"https:\/\/majesty-queen.com\/tr\/wp-json\/wp\/v2\/product_cat?post=17250"},{"taxonomy":"product_tag","embeddable":true,"href":"https:\/\/majesty-queen.com\/tr\/wp-json\/wp\/v2\/product_tag?post=17250"}],"curies":[{"name":"wp","href":"https:\/\/api.w.org\/{rel}","templated":true}]}}