 

{"id":17199,"date":"2024-04-15T13:13:57","date_gmt":"2024-04-15T13:13:57","guid":{"rendered":"https:\/\/majesty.talabati.ps\/product\/uzun-tek-parca-trenckot\/"},"modified":"2024-04-15T13:13:57","modified_gmt":"2024-04-15T13:13:57","slug":"uzun-tek-parca-trenckot","status":"publish","type":"product","link":"https:\/\/majesty-queen.com\/tr\/product\/uzun-tek-parca-trenckot\/","title":{"rendered":"Uzun tek par\u00e7a tren\u00e7kot"},"content":{"rendered":"<p>G\u00f6\u011f\u00fcs k\u0131sm\u0131nda belirgin bir par\u00e7a bulunan uzun tek par\u00e7a tren\u00e7kot<\/p>\n","protected":false},"excerpt":{"rendered":"<p>G\u00f6\u011f\u00fcs k\u0131sm\u0131nda belirgin bir par\u00e7a bulunan uzun tek par\u00e7a tren\u00e7kot<\/p>\n","protected":false},"featured_media":17028,"comment_status":"open","ping_status":"closed","template":"","meta":[],"product_cat":[131],"product_tag":[],"_links":{"self":[{"href":"https:\/\/majesty-queen.com\/tr\/wp-json\/wp\/v2\/product\/17199"}],"collection":[{"href":"https:\/\/majesty-queen.com\/tr\/wp-json\/wp\/v2\/product"}],"about":[{"href":"https:\/\/majesty-queen.com\/tr\/wp-json\/wp\/v2\/types\/product"}],"replies":[{"embeddable":true,"href":"https:\/\/majesty-queen.com\/tr\/wp-json\/wp\/v2\/comments?post=17199"}],"version-history":[{"count":0,"href":"https:\/\/majesty-queen.com\/tr\/wp-json\/wp\/v2\/product\/17199\/revisions"}],"wp:featuredmedia":[{"embeddable":true,"href":"https:\/\/majesty-queen.com\/tr\/wp-json\/wp\/v2\/media\/17028"}],"wp:attachment":[{"href":"https:\/\/majesty-queen.com\/tr\/wp-json\/wp\/v2\/media?parent=17199"}],"wp:term":[{"taxonomy":"product_cat","embeddable":true,"href":"https:\/\/majesty-queen.com\/tr\/wp-json\/wp\/v2\/product_cat?post=17199"},{"taxonomy":"product_tag","embeddable":true,"href":"https:\/\/majesty-queen.com\/tr\/wp-json\/wp\/v2\/product_tag?post=17199"}],"curies":[{"name":"wp","href":"https:\/\/api.w.org\/{rel}","templated":true}]}}