 

{"id":17137,"date":"2024-04-16T09:06:20","date_gmt":"2024-04-16T09:06:20","guid":{"rendered":"https:\/\/majesty.talabati.ps\/product\/iki-parcali-kadin-takimi\/"},"modified":"2024-04-16T09:06:20","modified_gmt":"2024-04-16T09:06:20","slug":"iki-parcali-kadin-takimi","status":"publish","type":"product","link":"https:\/\/majesty-queen.com\/tr\/product\/iki-parcali-kadin-takimi\/","title":{"rendered":"\u0130ki par\u00e7al\u0131 kad\u0131n tak\u0131m\u0131"},"content":{"rendered":"<p>Kollar\u0131ndan g\u00f6r\u00fcnen g\u00f6mle\u011fi and\u0131ran beyaz par\u00e7al\u0131, d\u00fcz pantolon ve yuvarlak yakal\u0131 bluzdan olu\u015fan iki par\u00e7al\u0131 kad\u0131n tak\u0131m\u0131.<\/p>\n","protected":false},"excerpt":{"rendered":"<p>Kollar\u0131ndan g\u00f6r\u00fcnen g\u00f6mle\u011fi and\u0131ran beyaz par\u00e7al\u0131, d\u00fcz pantolon ve yuvarlak yakal\u0131 bluzdan olu\u015fan iki par\u00e7al\u0131 kad\u0131n tak\u0131m\u0131.<\/p>\n","protected":false},"featured_media":17106,"comment_status":"open","ping_status":"closed","template":"","meta":[],"product_cat":[125],"product_tag":[],"_links":{"self":[{"href":"https:\/\/majesty-queen.com\/tr\/wp-json\/wp\/v2\/product\/17137"}],"collection":[{"href":"https:\/\/majesty-queen.com\/tr\/wp-json\/wp\/v2\/product"}],"about":[{"href":"https:\/\/majesty-queen.com\/tr\/wp-json\/wp\/v2\/types\/product"}],"replies":[{"embeddable":true,"href":"https:\/\/majesty-queen.com\/tr\/wp-json\/wp\/v2\/comments?post=17137"}],"version-history":[{"count":0,"href":"https:\/\/majesty-queen.com\/tr\/wp-json\/wp\/v2\/product\/17137\/revisions"}],"wp:featuredmedia":[{"embeddable":true,"href":"https:\/\/majesty-queen.com\/tr\/wp-json\/wp\/v2\/media\/17106"}],"wp:attachment":[{"href":"https:\/\/majesty-queen.com\/tr\/wp-json\/wp\/v2\/media?parent=17137"}],"wp:term":[{"taxonomy":"product_cat","embeddable":true,"href":"https:\/\/majesty-queen.com\/tr\/wp-json\/wp\/v2\/product_cat?post=17137"},{"taxonomy":"product_tag","embeddable":true,"href":"https:\/\/majesty-queen.com\/tr\/wp-json\/wp\/v2\/product_tag?post=17137"}],"curies":[{"name":"wp","href":"https:\/\/api.w.org\/{rel}","templated":true}]}}