 

{"id":16996,"date":"2024-04-15T09:18:00","date_gmt":"2024-04-15T09:18:00","guid":{"rendered":"https:\/\/majesty.talabati.ps\/product\/iki-parcali-takim-elbise-etek-ve-hirka\/"},"modified":"2024-04-15T09:18:00","modified_gmt":"2024-04-15T09:18:00","slug":"iki-parcali-takim-elbise-etek-ve-hirka","status":"publish","type":"product","link":"https:\/\/majesty-queen.com\/tr\/product\/iki-parcali-takim-elbise-etek-ve-hirka\/","title":{"rendered":"\u0130ki par\u00e7al\u0131 tak\u0131m elbise, etek ve h\u0131rka"},"content":{"rendered":"<p>\u0130ki par\u00e7al\u0131 tak\u0131m elbise, etek ve h\u0131rka<\/p>\n","protected":false},"excerpt":{"rendered":"<p>\u0130ki par\u00e7al\u0131 tak\u0131m elbise, etek ve h\u0131rka<\/p>\n","protected":false},"featured_media":16963,"comment_status":"open","ping_status":"closed","template":"","meta":[],"product_cat":[84],"product_tag":[],"_links":{"self":[{"href":"https:\/\/majesty-queen.com\/tr\/wp-json\/wp\/v2\/product\/16996"}],"collection":[{"href":"https:\/\/majesty-queen.com\/tr\/wp-json\/wp\/v2\/product"}],"about":[{"href":"https:\/\/majesty-queen.com\/tr\/wp-json\/wp\/v2\/types\/product"}],"replies":[{"embeddable":true,"href":"https:\/\/majesty-queen.com\/tr\/wp-json\/wp\/v2\/comments?post=16996"}],"version-history":[{"count":0,"href":"https:\/\/majesty-queen.com\/tr\/wp-json\/wp\/v2\/product\/16996\/revisions"}],"wp:featuredmedia":[{"embeddable":true,"href":"https:\/\/majesty-queen.com\/tr\/wp-json\/wp\/v2\/media\/16963"}],"wp:attachment":[{"href":"https:\/\/majesty-queen.com\/tr\/wp-json\/wp\/v2\/media?parent=16996"}],"wp:term":[{"taxonomy":"product_cat","embeddable":true,"href":"https:\/\/majesty-queen.com\/tr\/wp-json\/wp\/v2\/product_cat?post=16996"},{"taxonomy":"product_tag","embeddable":true,"href":"https:\/\/majesty-queen.com\/tr\/wp-json\/wp\/v2\/product_tag?post=16996"}],"curies":[{"name":"wp","href":"https:\/\/api.w.org\/{rel}","templated":true}]}}