 

{"id":16873,"date":"2024-04-15T08:20:20","date_gmt":"2024-04-15T08:20:20","guid":{"rendered":"https:\/\/majesty.talabati.ps\/product\/kadin-duz-renk-elbise\/"},"modified":"2024-04-15T08:20:20","modified_gmt":"2024-04-15T08:20:20","slug":"kadin-duz-renk-elbise","status":"publish","type":"product","link":"https:\/\/majesty-queen.com\/tr\/product\/kadin-duz-renk-elbise\/","title":{"rendered":"Kad\u0131n d\u00fcz renk elbise"},"content":{"rendered":"<p>Kad\u0131n d\u00fcz renk elbise (denizk\u0131z\u0131 etekli nerv\u00fcrl\u00fc \u00f6rg\u00fc elbise)<\/p>\n","protected":false},"excerpt":{"rendered":"<p>Kad\u0131n d\u00fcz renk elbise (denizk\u0131z\u0131 etekli nerv\u00fcrl\u00fc \u00f6rg\u00fc elbise)<\/p>\n","protected":false},"featured_media":16585,"comment_status":"open","ping_status":"closed","template":"","meta":[],"product_cat":[123],"product_tag":[],"_links":{"self":[{"href":"https:\/\/majesty-queen.com\/tr\/wp-json\/wp\/v2\/product\/16873"}],"collection":[{"href":"https:\/\/majesty-queen.com\/tr\/wp-json\/wp\/v2\/product"}],"about":[{"href":"https:\/\/majesty-queen.com\/tr\/wp-json\/wp\/v2\/types\/product"}],"replies":[{"embeddable":true,"href":"https:\/\/majesty-queen.com\/tr\/wp-json\/wp\/v2\/comments?post=16873"}],"version-history":[{"count":0,"href":"https:\/\/majesty-queen.com\/tr\/wp-json\/wp\/v2\/product\/16873\/revisions"}],"wp:featuredmedia":[{"embeddable":true,"href":"https:\/\/majesty-queen.com\/tr\/wp-json\/wp\/v2\/media\/16585"}],"wp:attachment":[{"href":"https:\/\/majesty-queen.com\/tr\/wp-json\/wp\/v2\/media?parent=16873"}],"wp:term":[{"taxonomy":"product_cat","embeddable":true,"href":"https:\/\/majesty-queen.com\/tr\/wp-json\/wp\/v2\/product_cat?post=16873"},{"taxonomy":"product_tag","embeddable":true,"href":"https:\/\/majesty-queen.com\/tr\/wp-json\/wp\/v2\/product_tag?post=16873"}],"curies":[{"name":"wp","href":"https:\/\/api.w.org\/{rel}","templated":true}]}}