 

{"id":16824,"date":"2024-04-15T07:52:56","date_gmt":"2024-04-15T07:52:56","guid":{"rendered":"https:\/\/majesty.talabati.ps\/product\/iki-parcali-elbise-2\/"},"modified":"2024-04-15T07:52:56","modified_gmt":"2024-04-15T07:52:56","slug":"iki-parcali-elbise-2","status":"publish","type":"product","link":"https:\/\/majesty-queen.com\/tr\/product\/iki-parcali-elbise-2\/","title":{"rendered":"\u0130ki par\u00e7al\u0131 elbise"},"content":{"rendered":"<p>\u0130ki par\u00e7al\u0131 elbise, \u00fczeri feraceli sade elbise<\/p>\n","protected":false},"excerpt":{"rendered":"<p>\u0130ki par\u00e7al\u0131 elbise, \u00fczeri feraceli sade elbise<\/p>\n","protected":false},"featured_media":16715,"comment_status":"open","ping_status":"closed","template":"","meta":[],"product_cat":[123],"product_tag":[],"_links":{"self":[{"href":"https:\/\/majesty-queen.com\/tr\/wp-json\/wp\/v2\/product\/16824"}],"collection":[{"href":"https:\/\/majesty-queen.com\/tr\/wp-json\/wp\/v2\/product"}],"about":[{"href":"https:\/\/majesty-queen.com\/tr\/wp-json\/wp\/v2\/types\/product"}],"replies":[{"embeddable":true,"href":"https:\/\/majesty-queen.com\/tr\/wp-json\/wp\/v2\/comments?post=16824"}],"version-history":[{"count":0,"href":"https:\/\/majesty-queen.com\/tr\/wp-json\/wp\/v2\/product\/16824\/revisions"}],"wp:featuredmedia":[{"embeddable":true,"href":"https:\/\/majesty-queen.com\/tr\/wp-json\/wp\/v2\/media\/16715"}],"wp:attachment":[{"href":"https:\/\/majesty-queen.com\/tr\/wp-json\/wp\/v2\/media?parent=16824"}],"wp:term":[{"taxonomy":"product_cat","embeddable":true,"href":"https:\/\/majesty-queen.com\/tr\/wp-json\/wp\/v2\/product_cat?post=16824"},{"taxonomy":"product_tag","embeddable":true,"href":"https:\/\/majesty-queen.com\/tr\/wp-json\/wp\/v2\/product_tag?post=16824"}],"curies":[{"name":"wp","href":"https:\/\/api.w.org\/{rel}","templated":true}]}}