 

{"id":18096,"date":"2021-10-12T15:51:09","date_gmt":"2021-10-12T15:51:09","guid":{"rendered":"https:\/\/majesty.talabati.ps\/hakkimizda\/"},"modified":"2026-01-01T12:48:18","modified_gmt":"2026-01-01T12:48:18","slug":"hakkimizda","status":"publish","type":"page","link":"https:\/\/majesty-queen.com\/tr\/hakkimizda\/","title":{"rendered":"Hakk\u0131m\u0131zda"},"content":{"rendered":"\t\t<div data-elementor-type=\"wp-page\" data-elementor-id=\"18096\" class=\"elementor elementor-18096 elementor-4400\">\n\t\t\t\t<div class=\"wd-negative-gap elementor-element elementor-element-7c7c544 e-flex e-con-boxed e-con e-parent\" data-id=\"7c7c544\" data-element_type=\"container\">\n\t\t\t\t\t<div class=\"e-con-inner\">\n\t\t<div class=\"elementor-element elementor-element-e7cb5cd e-con-full e-flex e-con e-child\" data-id=\"e7cb5cd\" data-element_type=\"container\">\n\t\t\t\t<div class=\"elementor-element elementor-element-56aec39 elementor-widget elementor-widget-wd_image_or_svg\" data-id=\"56aec39\" data-element_type=\"widget\" data-widget_type=\"wd_image_or_svg.default\">\n\t\t\t\t<div class=\"elementor-widget-container\">\n\t\t\t\n\t\t<div class=\"wd-image text-left\">\n\t\t\t\t\t\t\t\t<img fetchpriority=\"high\" decoding=\"async\" width=\"876\" height=\"876\" src=\"https:\/\/majesty-queen.com\/wp-content\/uploads\/2024\/04\/373144-PBC4Y3-956-01.jpg\" class=\"attachment-full size-full\" alt=\"\" srcset=\"https:\/\/majesty-queen.com\/wp-content\/uploads\/2024\/04\/373144-PBC4Y3-956-01.jpg 876w, https:\/\/majesty-queen.com\/wp-content\/uploads\/2024\/04\/373144-PBC4Y3-956-01-430x430.jpg 430w, https:\/\/majesty-queen.com\/wp-content\/uploads\/2024\/04\/373144-PBC4Y3-956-01-150x150.jpg 150w, https:\/\/majesty-queen.com\/wp-content\/uploads\/2024\/04\/373144-PBC4Y3-956-01-700x700.jpg 700w\" sizes=\"(max-width: 876px) 100vw, 876px\" \/>\t\t\t\t\t<\/div>\n\n\t\t\t\t<\/div>\n\t\t\t\t<\/div>\n\t\t\t\t<\/div>\n\t\t<div class=\"elementor-element elementor-element-97d6084 e-con-full e-flex e-con e-child\" data-id=\"97d6084\" data-element_type=\"container\">\n\t\t\t\t<div class=\"elementor-element elementor-element-98d830b elementor-widget__width-initial wd-width-100 elementor-widget elementor-widget-wd_title\" data-id=\"98d830b\" data-element_type=\"widget\" data-widget_type=\"wd_title.default\">\n\t\t\t\t<div class=\"elementor-widget-container\">\n\t\t\t\t\t<div class=\"title-wrapper wd-set-mb reset-last-child wd-title-color-primary wd-title-style-default wd-title-size-large text-left\">\n\n\t\t\t\t\t\t\t\t\t\t\t<div class=\"title-subtitle subtitle-color-primary subtitle-style-default wd-fontsize-xs\">\n\t\t\t\t\tG\u00d6R\u00dcN\u00dc\u015e \u015eIK TASARIM\t\t\t\t<\/div>\n\t\t\t\n\t\t\t<div class=\"liner-continer\">\n\t\t\t\t<h4 class=\"woodmart-title-container title wd-fontsize-xxl\">\u00c7evrimi\u00e7i ma\u011fazam\u0131z hakk\u0131nda<\/h4> \n\t\t\t\t\t\t\t<\/div>\n\n\t\t\t\t\t\t\t<div class=\"title-after_title reset-last-child wd-fontsize-s\">\n\t\t\t\t\t<p>Bizi sosyal medyada takip ederek en son gelenler, promosyonlar ve moda ipu\u00e7lar\u0131ndan haberdar olun.<\/p>\t\t\t\t<\/div>\n\t\t\t\t\t<\/div>\n\t\t\t\t<\/div>\n\t\t\t\t<\/div>\n\t\t\t\t<div class=\"elementor-element elementor-element-66e47ad elementor-widget elementor-widget-wd_text_block\" data-id=\"66e47ad\" data-element_type=\"widget\" data-widget_type=\"wd_text_block.default\">\n\t\t\t\t<div class=\"elementor-widget-container\">\n\t\t\t\t\t<div class=\"wd-text-block reset-last-child text-left\">\n\t\t\t\n\t\t\t<p>Arap \u00fclkeleri ve T\u00fcrkiye'nin kalbinde kad\u0131n modas\u0131n\u0131n \u00f6nde gelen destinasyonu Majesty Queen'e ho\u015f geldiniz. Filistin'in hareketli Hebron \u015fehrinde yer alan ma\u011fazam\u0131z, her tarza, duruma ve tercihe uygun \u00e7ok \u00e7e\u015fitli giyim se\u00e7enekleri sunuyor.<\/p><div class=\"lRu31\" dir=\"ltr\"><p><span class=\"HwtZe\" lang=\"en\"><span class=\"jCAhz JxVs2d ChMk0b\"><span class=\"ryNqvb\">(Majesty Queen) olarak, y\u00fcksek kaliteli kad\u0131n giyiminden olu\u015fan se\u00e7kin bir koleksiyon sunmaktan gurur duyuyoruz. T\u00fcm renklerde en yeni tasar\u0131mlar\u0131 sunma taahh\u00fcd\u00fcm\u00fcz, her m\u00fc\u015fterinin be\u011fendi\u011fi ve tatmin etti\u011fi bir \u015feyi bulmas\u0131n\u0131 sa\u011flar.<\/span><\/span><\/span><\/p><div class=\"OvtS8d\"> <\/div><div id=\"ow3198\"> <\/div><\/div><div class=\"UdTY9 WdefRb\" aria-hidden=\"true\" data-location=\"2\"> <\/div>\n\t\t\t\t\t<\/div>\n\t\t\t\t<\/div>\n\t\t\t\t<\/div>\n\t\t<div class=\"elementor-element elementor-element-3eef7d8 e-con-full e-flex e-con e-child\" data-id=\"3eef7d8\" data-element_type=\"container\">\n\t\t\t\t<div class=\"elementor-element elementor-element-cee0b0c elementor-widget__width-auto elementor-widget elementor-widget-wd_text_block\" data-id=\"cee0b0c\" data-element_type=\"widget\" data-widget_type=\"wd_text_block.default\">\n\t\t\t\t<div class=\"elementor-widget-container\">\n\t\t\t\t\t<div class=\"wd-text-block reset-last-child text-left\">\n\t\t\t\n\t\t\t<div class=\"lRu31\" dir=\"ltr\"><p><strong><span class=\"HwtZe\" lang=\"en\"><span class=\"jCAhz JxVs2d ChMk0b\"><span class=\"ryNqvb\">Bizi sosyal medyada takip ederek g\u00fcncel kal\u0131n.<\/span><\/span><\/span><\/strong><\/p><div class=\"OvtS8d\"> <\/div><div id=\"ow1497\"> <\/div><\/div><div class=\"UdTY9 WdefRb\" aria-hidden=\"true\" data-location=\"2\"> <\/div>\n\t\t\t\t\t<\/div>\n\t\t\t\t<\/div>\n\t\t\t\t<\/div>\n\t\t\t\t<div class=\"elementor-element elementor-element-ee232e9 elementor-widget__width-auto elementor-hidden-phone elementor-widget elementor-widget-wd_social_buttons\" data-id=\"ee232e9\" data-element_type=\"widget\" data-widget_type=\"wd_social_buttons.default\">\n\t\t\t\t<div class=\"elementor-widget-container\">\n\t\t\t\t\t\t<div id=\"\" class=\" wd-social-icons wd-style-colored-alt wd-size-small social-share wd-shape-circle color-scheme-dark text-left\">\n\t\t\t\t\n\t\t\t\t\n\t\t\t\t\t\t\t\t\t<a rel=\"noopener noreferrer nofollow\" href=\"https:\/\/www.facebook.com\/sharer\/sharer.php?u=https:\/\/majesty-queen.com\/tr\/hakkimizda\/\" target=\"_blank\" class=\" wd-social-icon social-facebook\" aria-label=\"Facebook social link\">\n\t\t\t\t\t\t<span class=\"wd-icon\"><\/span>\n\t\t\t\t\t\t\t\t\t\t\t<\/a>\n\t\t\t\t\n\t\t\t\t\t\t\t\t\t<a rel=\"noopener noreferrer nofollow\" href=\"https:\/\/x.com\/share?url=https:\/\/majesty-queen.com\/tr\/hakkimizda\/\" target=\"_blank\" class=\" wd-social-icon social-twitter\" aria-label=\"X social link\">\n\t\t\t\t\t\t<span class=\"wd-icon\"><\/span>\n\t\t\t\t\t\t\t\t\t\t\t<\/a>\n\t\t\t\t\n\t\t\t\t\n\t\t\t\t\n\t\t\t\t\n\t\t\t\t\n\t\t\t\t\n\t\t\t\t\t\t\t\t\t<a rel=\"noopener noreferrer nofollow\" href=\"https:\/\/pinterest.com\/pin\/create\/button\/?url=https:\/\/majesty-queen.com\/tr\/hakkimizda\/&media=https:\/\/majesty-queen.com\/wp-includes\/images\/media\/default.svg&description=Hakk%C4%B1m%C4%B1zda\" target=\"_blank\" class=\" wd-social-icon social-pinterest\" aria-label=\"Pinterest social link\">\n\t\t\t\t\t\t<span class=\"wd-icon\"><\/span>\n\t\t\t\t\t\t\t\t\t\t\t<\/a>\n\t\t\t\t\n\t\t\t\t\n\t\t\t\t\t\t\t\t\t<a rel=\"noopener noreferrer nofollow\" href=\"https:\/\/www.linkedin.com\/shareArticle?mini=true&url=https:\/\/majesty-queen.com\/tr\/hakkimizda\/\" target=\"_blank\" class=\" wd-social-icon social-linkedin\" aria-label=\"Linkedin social link\">\n\t\t\t\t\t\t<span class=\"wd-icon\"><\/span>\n\t\t\t\t\t\t\t\t\t\t\t<\/a>\n\t\t\t\t\n\t\t\t\t\n\t\t\t\t\n\t\t\t\t\n\t\t\t\t\n\t\t\t\t\n\t\t\t\t\n\t\t\t\t\n\t\t\t\t\n\t\t\t\t\n\t\t\t\t\n\t\t\t\t\n\t\t\t\t\n\t\t\t\t\n\t\t\t\t\n\t\t\t\t\n\t\t\t\t\t\t\t\t\t<a rel=\"noopener noreferrer nofollow\" href=\"https:\/\/telegram.me\/share\/url?url=https:\/\/majesty-queen.com\/tr\/hakkimizda\/\" target=\"_blank\" class=\" wd-social-icon social-tg\" aria-label=\"Telegram social link\">\n\t\t\t\t\t\t<span class=\"wd-icon\"><\/span>\n\t\t\t\t\t\t\t\t\t\t\t<\/a>\n\t\t\t\t\n\t\t\t\t\n\t\t\t<\/div>\n\n\t\t\t\t<\/div>\n\t\t\t\t<\/div>\n\t\t\t\t<\/div>\n\t\t\t\t<\/div>\n\t\t\t\t\t<\/div>\n\t\t\t\t<\/div>\n\t\t\t\t<\/div>\n\t\t","protected":false},"excerpt":{"rendered":"<p>G\u00d6R\u00dcN\u00dc\u015e \u015eIK TASARIM \u00c7evrimi\u00e7i ma\u011fazam\u0131z hakk\u0131nda Bizi sosyal medyada takip ederek en son gelenler, promosyonlar ve moda ipu\u00e7lar\u0131ndan haberdar olun.<\/p>\n","protected":false},"author":1,"featured_media":0,"parent":0,"menu_order":0,"comment_status":"closed","ping_status":"closed","template":"","meta":{"footnotes":""},"_links":{"self":[{"href":"https:\/\/majesty-queen.com\/tr\/wp-json\/wp\/v2\/pages\/18096"}],"collection":[{"href":"https:\/\/majesty-queen.com\/tr\/wp-json\/wp\/v2\/pages"}],"about":[{"href":"https:\/\/majesty-queen.com\/tr\/wp-json\/wp\/v2\/types\/page"}],"author":[{"embeddable":true,"href":"https:\/\/majesty-queen.com\/tr\/wp-json\/wp\/v2\/users\/1"}],"replies":[{"embeddable":true,"href":"https:\/\/majesty-queen.com\/tr\/wp-json\/wp\/v2\/comments?post=18096"}],"version-history":[{"count":4,"href":"https:\/\/majesty-queen.com\/tr\/wp-json\/wp\/v2\/pages\/18096\/revisions"}],"predecessor-version":[{"id":20137,"href":"https:\/\/majesty-queen.com\/tr\/wp-json\/wp\/v2\/pages\/18096\/revisions\/20137"}],"wp:attachment":[{"href":"https:\/\/majesty-queen.com\/tr\/wp-json\/wp\/v2\/media?parent=18096"}],"curies":[{"name":"wp","href":"https:\/\/api.w.org\/{rel}","templated":true}]}}